{"id":108,"date":"2018-07-18T11:30:35","date_gmt":"2018-07-18T11:30:35","guid":{"rendered":"http:\/\/abileweb.com\/minimal-portfolio\/?page_id=108"},"modified":"2025-12-30T10:14:36","modified_gmt":"2025-12-30T10:14:36","slug":"about-me","status":"publish","type":"page","link":"http:\/\/anselmofox.de\/en\/about-me\/","title":{"rendered":"Biography"},"content":{"rendered":"\n<h2 class=\"wp-block-heading\">Biographie<\/h2>\n\n\n\n<figure class=\"wp-block-image size-full is-resized\"><img decoding=\"async\" loading=\"lazy\" src=\"http:\/\/anselmofox.de\/wp-content\/uploads\/2023\/05\/FOX_portraet_www_090518_0116.jpg\" alt=\"\" class=\"wp-image-1854\" width=\"826\" height=\"551\" srcset=\"http:\/\/anselmofox.de\/wp-content\/uploads\/2023\/05\/FOX_portraet_www_090518_0116.jpg 1000w, http:\/\/anselmofox.de\/wp-content\/uploads\/2023\/05\/FOX_portraet_www_090518_0116-300x200.jpg 300w, http:\/\/anselmofox.de\/wp-content\/uploads\/2023\/05\/FOX_portraet_www_090518_0116-768x512.jpg 768w\" sizes=\"(max-width: 826px) 100vw, 826px\" \/><\/figure>\n\n\n\n<p>Geboren 1964 in Mendrisio (Schweiz)<\/p>\n\n\n\n<p><\/p>\n\n\n\n<p>2017\/18 Master of Arts, Produktdesign, University of Applied Sciences and Arts Potsdam (Deutschland)<\/p>\n\n\n\n<p>1994 &#8211; 1998 Interdisziplin\u00e4re Kulturwissenschaften, Humboldt Universit\u00e4t zu Berlin (Deutschland)<\/p>\n\n\n\n<p>1996 Lehramt auf den Stufen Sek. I+II, P\u00e4dagogische Hochschule Basel Schweiz (heute: Fachhochschule Nordwestschweiz, FHNW PH)<\/p>\n\n\n\n<p>1985 &#8211; 1990 Diplom f\u00fcr Freie Kunst, Schule f\u00fcr Gestaltung Luzern (Schweiz), (heute Lucerne University of Applied Sciences and Arts) Studium Kunst &amp; Vermittlung, Schule f\u00fcr Gestaltung Luzern (heute: Lucerne University of Applied Sciences and Arts)  <\/p>\n\n\n<div class=\"wp-block-ub-content-toggle wp-block-ub-content-toggle-block\" id=\"ub-content-toggle-block-6dd62671-0e99-4fa9-afc6-0ddc81e06294\" data-mobilecollapse=\"false\" data-desktopcollapse=\"true\" data-preventcollapse=\"false\" data-showonlyone=\"false\">\n<div class=\"wp-block-ub-content-toggle-accordion\" style=\"border-color: #f1f1f1; \" id=\"ub-content-toggle-panel-block-\">\n\t\t\t<div class=\"wp-block-ub-content-toggle-accordion-title-wrap\" style=\"background-color: #f1f1f1;\" aria-controls=\"ub-content-toggle-panel-0-6dd62671-0e99-4fa9-afc6-0ddc81e06294\" tabindex=\"0\">\n\t\t\t<p class=\"wp-block-ub-content-toggle-accordion-title ub-content-toggle-title-6dd62671-0e99-4fa9-afc6-0ddc81e06294\" style=\"color: #000000; \">Ausstellungen<\/p>\n\t\t\t<div class=\"wp-block-ub-content-toggle-accordion-toggle-wrap right\" style=\"color: #000000;\"><span class=\"wp-block-ub-content-toggle-accordion-state-indicator wp-block-ub-chevron-down\"><\/span><\/div>\n\t\t<\/div>\n\t\t\t<div role=\"region\" aria-expanded=\"false\" class=\"wp-block-ub-content-toggle-accordion-content-wrap ub-hide\" id=\"ub-content-toggle-panel-0-6dd62671-0e99-4fa9-afc6-0ddc81e06294\">\n\n<p><strong><strong>202<\/strong>5<br><\/strong><em>ortung 14 <\/em>| <em>Schwabacher Kunstbiennale im Zeichen des Goldes<\/em>, Schwabach, Deutschland<\/p>\n\n\n\n<p><strong><strong>202<\/strong>4<br><\/strong><em>RE:VISION<\/em>, 20 Jahre Kunstverein Tiergarten, Berlin <\/p>\n\n\n\n<p><strong>2023<\/strong><br><em>tan lejos, tan cerca<\/em>, Kooperation mit Sandra Contreras, Mexikanische Botschaft Berlin<br><br><strong>2023<\/strong><br><em>Textohilar. El hilo que entreteje el universo, Sandra Conteras<\/em>, Museo Textil de Oaxaca, Mexiko, Kooperation<\/p>\n\n\n\n<p><strong>2022<\/strong><br><em><em>Kunst installiert + ausgestellt im Linienverzweiger<\/em> <\/em>Berlin &#8211; Lichtenberg, Deutschland<em><br><em>Auswahl22, <\/em><\/em>Kunsthaus Aarau, Schweiz<\/p>\n\n\n\n<p><strong>2020 \/ 21<\/strong><br><em>in aller Munde. Pieter Bruegel bis Cindy Sherman<\/em>, Kunstmuseum Wolfsburg Deutschland [Kuratorin Uta Ruhkamp, Katalog]<\/p>\n\n\n\n<p><strong>2020<\/strong><br><em>As Kingfishers Catch Fire<\/em>. Animalities in Artists\u00b4imagination, Gallery of Art Limerick City Ireland, [Curator Austin Mc Quinn, Buchpublikation]<\/p>\n\n\n\n<p><strong>2018\/19<\/strong><br><em>locken \u2013 Anselmo Fox<\/em>, Pavillon am Milchhof Berlin (Deutschland), Einzelausstellung, [Saaltext]<\/p>\n\n\n\n<p><strong>2017\/18<\/strong><br><em>infuori \u2013 Anselmo Fox<\/em>, la Rada Locarno, (Schweiz), Einzelausstellung, [Saaltext]<\/p>\n\n\n\n<p><strong>2016<\/strong><br><em>Auswahl16<\/em>, Kunsthaus Aarau (Schweiz) [Katalog]<br><em>animal lovers<\/em>, neue Gesellschaft f\u00fcr bildende Kunst (nGbK) Berlin (Deutschland), [Katalog]<br><em>was \u00fcbrig bleibt \/ Anselmo Fox<\/em>, Galerie Nord I Kunstverein Tiergarten Berlin (Deutschland), Einzelausstellung, [Saaltext]<br>ArtExpo2016 Milano (Jurypreis Sculpture Network)<\/p>\n\n\n\n<p><strong>2014\/15<\/strong><br><em>Catch oft he Year 2014<\/em>, Dienstgeb\u00e4ude Z\u00fcrich (Schweiz)<\/p>\n\n\n\n<p><strong>2014<\/strong><br><em>MehrSalz<\/em>, Salzhaus Brugg (Schweiz), [Saaltext]<br><em>Modell und Utopie<\/em>, Trudelhaus Brugg (Schweiz) [Saaltext]\u00a0<\/p>\n\n\n\n<p><strong>2013<\/strong><br><em>Auswahl13<\/em>, Kunsthaus Aarau (Schweiz) [Katalog]<\/p>\n\n\n\n<p><strong>2012<\/strong><br><em>Ausser mir<\/em>, Galerie Mani\u00e8re Noir, Berlin (Deutschland), Einzelausstellung, [Saaltext]<br><em>Minding Animals Conference, coming out of a snail<\/em>, Videoscreening, University Utrecht (Niederlande)<\/p>\n\n\n\n<p><strong>2011<\/strong><br><em>Um Gottes Willen. Kunst und Religion im Dialog<\/em>, Stadtm\u00fchle Willisau (Schweiz), [Katalog]<\/p>\n\n\n\n<p><strong>2010<\/strong><br><em>Auswahl10<\/em>, Kunsthaus Aarau (Schweiz) [Katalog]<br><em>Caf\u00e9 Endlager<\/em>, Stuttgart (Deutschland) [Katalog]<\/p>\n\n\n\n<p><strong>2009<\/strong><br><em>Tierperspektiven Teil 1<\/em>, Georg Kolbe Museum, Berlin (Deutschland) , [Katalog]<br><em>Tierperspektiven Teil 2<\/em>, Projektraum Souterrain Sammlung Hoffmann, Berlin (Deutschland), [Katalog]<br><em>Tier-Werden<\/em>, <em>Mensch-Werden Teil 3<\/em>, NGBK Berlin (Deutschland), [Katalog]<\/p>\n\n\n\n<p><strong>2007<\/strong><br><em>Auswahl 07<\/em>, Kunsthaus Aarau (Schweiz) [Katalog]<br><em>Anselmo Fox \u2013 Im Tal der Mollusken<\/em>, Kunstpanorama Luzern, Luzern (Schweiz) Einzelausstellung, [Saaltext]<br><em>Von der Liebe<\/em>, Galerie Nord I Kunstverein Tiergarten, Berlin (Deutschland), [Saaltext]<\/p>\n\n\n\n<p><strong>2006<\/strong><br><em>Heimatflimmern \u2013 Exkursion in eine fremde Heimat<\/em>, Brandenburgischer Kunstverein Potsdam in Kooperation mit dem Kunstpanorama Luzern (Schweiz)<br><em>Innenwelten \u2013 The Inner World<\/em>, kunst:raum Sylt Quelle, Rantum (Deutschland). Wissenschaftssommer 2006, in Kooperation mit der Universit\u00e4t Hamburg zum Sigmund-Freud-Jahr<\/p>\n\n\n\n<p><strong>2005<\/strong><br><em>La main dans la main<\/em>, Kunstverein Salzdetfurth (Deutschland) [Katalog]<br><em>Auswahl 05<\/em>, Kunsthaus Aarau (Schweiz) [Katalog]<br><em>Der Himmel auf Erden \u2013 Zeitgen\u00f6ssische Verk\u00fcndigungsdarstellungen<\/em>, Kunsthaus Potsdam (Deutschland) [Katalog]<\/p>\n\n\n\n<p><strong>2004<\/strong><br><em>Der Kuss<\/em>, Deutsches Hygienemuseum, Dresden (Deutschland)<br><em>La Bocca Della Verit\u00e0<\/em>, Kunstverein Salzdetfurth (Deutschland), [Katalog]<\/p>\n\n\n\n<p><strong>2002<\/strong><br><em>W\u00e4chserne Identit\u00e4ten. Die fig\u00fcrliche Wachsplastik am Ende des 20.\u00a0Jahrhunderts<\/em>, Georg Kolbe-Museum Berlin (Deutschland) [Katalog]<br><em>Machet den Zun nicht zu eng<\/em>, Bruder Klaus-Museum Sachseln (Schweiz) [Katalog]<br><em>EnergieStationen<\/em>, Kunsttage Dreieich, Stadtgalerie Dreieich-Sprendlingen bei Frankfurt\/M. (Deutschland) [Katalog]<br><em>Klanggarten \u2013 Vogelfrei IV<\/em>, Gartenbiennale Darmstadt (Deutschland) [Katalog]<\/p>\n\n\n\n<p><strong>2001<\/strong><br><em>Corpus Delicti<\/em>, Galerie M\u00f6nch, Berlin (Deutschland) [Saaltext]<\/p>\n\n\n\n<p><strong>2000<\/strong><br><em>K\u00f6rperteile \u2013 Formen der Fragmentierung \/ Praktiken der Darstellung<\/em>, Internationaler Philosophenkongress, [Buch], <em>Zahnreif I<\/em> (Installation), Haus der Kulturen der Welt, Berlin (Deutschland)<br><em>Loggia<\/em>, K\u00fcnstlerhaus Bethanien Berlin (Deutschland) [Saaltext]<\/p>\n\n\n\n<p><strong>1999<\/strong><br><em>Vogelfrei III<\/em>, Darmstadt (Deutschland) [Katalog]<br><em>Salon<\/em>, Kunsthaus Aarau (Schweiz) [Katalog]<\/p>\n\n\n\n<p><strong>1996<\/strong><br><em>la lingua della lingua<\/em>, Akademie der K\u00fcnste Berlin (Deutschland) [Videokatalog]<\/p>\n\n\n\n<p><strong>1983<\/strong><br><em>K\u00fcnstler der Galerie schlagen vor 1983<\/em>, Galerie in Lenzburg (Schweiz)<\/p>\n\n<\/div>\n\t\t<\/div>\n\n<div class=\"wp-block-ub-content-toggle-accordion\" style=\"border-color: #f1f1f1; \" id=\"ub-content-toggle-panel-block-\">\n\t\t\t<div class=\"wp-block-ub-content-toggle-accordion-title-wrap\" style=\"background-color: #f1f1f1;\" aria-controls=\"ub-content-toggle-panel-1-6dd62671-0e99-4fa9-afc6-0ddc81e06294\" tabindex=\"0\">\n\t\t\t<p class=\"wp-block-ub-content-toggle-accordion-title ub-content-toggle-title-6dd62671-0e99-4fa9-afc6-0ddc81e06294\" style=\"color: #000000; \">Kunst und Bau<\/p>\n\t\t\t<div class=\"wp-block-ub-content-toggle-accordion-toggle-wrap right\" style=\"color: #000000;\"><span class=\"wp-block-ub-content-toggle-accordion-state-indicator wp-block-ub-chevron-down\"><\/span><\/div>\n\t\t<\/div>\n\t\t\t<div role=\"region\" aria-expanded=\"false\" class=\"wp-block-ub-content-toggle-accordion-content-wrap ub-hide\" id=\"ub-content-toggle-panel-1-6dd62671-0e99-4fa9-afc6-0ddc81e06294\">\n\n<p><strong>2016<\/strong><br><em>Trottola<\/em>, Kunst\u2013Bau \u2013 Wettbewerb Clayschule Berlin-Neuk\u00f6lln [Endrunde] (Deutschland)<\/p>\n\n\n\n<p><strong>2014<\/strong><br>Gestaltung des Bildungszentrums Careum Weiterbildung Aarau (Schweiz)<br>Eingeladen zum K&amp;B-Wettbewerb f\u00fcr die Gestaltung des Pflegeheims Buchs (Schweiz)<\/p>\n\n\n\n<p><\/p>\n\n<\/div>\n\t\t<\/div>\n<\/div>\n\n<div class=\"wp-block-ub-content-toggle wp-block-ub-content-toggle-block\" id=\"ub-content-toggle-block-528c3bf8-b1c7-4415-b9b1-00a0c8adbcb4\" data-mobilecollapse=\"false\" data-desktopcollapse=\"true\" data-preventcollapse=\"false\" data-showonlyone=\"false\">\n<div class=\"wp-block-ub-content-toggle-accordion\" style=\"border-color: #f1f1f1; \" id=\"ub-content-toggle-panel-block-\">\n\t\t\t<div class=\"wp-block-ub-content-toggle-accordion-title-wrap\" style=\"background-color: #f1f1f1;\" aria-controls=\"ub-content-toggle-panel-0-528c3bf8-b1c7-4415-b9b1-00a0c8adbcb4\" tabindex=\"0\">\n\t\t\t<p class=\"wp-block-ub-content-toggle-accordion-title ub-content-toggle-title-528c3bf8-b1c7-4415-b9b1-00a0c8adbcb4\" style=\"color: #000000; \">Auszeichnungen \/ F\u00f6rderungen \/ Stipendien \/ Residenzen\u00a0<\/p>\n\t\t\t<div class=\"wp-block-ub-content-toggle-accordion-toggle-wrap right\" style=\"color: #000000;\"><span class=\"wp-block-ub-content-toggle-accordion-state-indicator wp-block-ub-chevron-down\"><\/span><\/div>\n\t\t<\/div>\n\t\t\t<div role=\"region\" aria-expanded=\"false\" class=\"wp-block-ub-content-toggle-accordion-content-wrap ub-hide\" id=\"ub-content-toggle-panel-0-528c3bf8-b1c7-4415-b9b1-00a0c8adbcb4\">\n\n<p><strong>2022<\/strong> <em>Projektf\u00f6rderung<\/em>, NeuStartKultur Kunstfonds Bonn (Deutschland)<\/p>\n\n\n\n<p><strong>2022<\/strong> <em>Projektf\u00f6rderung<\/em>, Kuratorium des Kantons Aargau (Schweiz)<\/p>\n\n\n\n<p><strong>2022<\/strong> <em>Recherchestipendium<\/em>, Kuratorium des Kanton Aargau (Schweiz)<\/p>\n\n\n\n<p><strong>2021<\/strong> <em>Projektf\u00f6rderung<\/em>, Stiftung Kulturwerk VG Bild \/ Kunst Berlin (Deutschland)<\/p>\n\n\n\n<p><strong>2020<\/strong> <em>Projektf\u00f6rderung<\/em>, Kuratorium des Kantons Aargau (Schweiz)<\/p>\n\n\n\n<p><strong>2017<\/strong><em> <\/em><em>Residenz<\/em>, Stiftung Kunstdepot G\u00f6schenen (Schweiz),\u00a0<\/p>\n\n\n\n<p><strong>2016<\/strong> <em>Jurypreis<\/em> sculpture network verbunden mit Ausstellung an der ArtExpo2016 Milano<\/p>\n\n\n\n<p><strong>2013<\/strong> <em>Projektbeitrag<\/em>, Alexander Tutsek Stiftung (Deutschland)<br>          <em>Projektf\u00f6rderung<\/em>, Kuratorium des Kantons Aargau (Schweiz)<\/p>\n\n\n\n<p><strong>2012<\/strong> <em>Projektf\u00f6rderung<\/em>, Kuratorium des Kantons Aargau (Schweiz)<\/p>\n\n\n\n<p><strong>2011<\/strong> <em>Projektf\u00f6rderung<\/em>, Kuratorium des Kantons Aargau (Schweiz)<\/p>\n\n\n\n<p><strong>2006\u00a0<\/strong><em>Residenz<\/em>, kunst:raum syltquelle, Rantum (Deutschland)<\/p>\n\n\n\n<p><strong>2005<\/strong> <em>Werkbeitrag<\/em>, Kuratorium des Kantons Aargau (Schweiz)\u00a0<\/p>\n\n\n\n<p><strong>2002<\/strong> <em>Projektf\u00f6rderung<\/em>, Kuratorium des Kantons Aargau (Schweiz)<\/p>\n\n\n\n<p><strong>1990<\/strong> <em>Werkbeitrag<\/em>, Kuratorium des Kantons Aargau (Schweiz)\u00a0<\/p>\n\n\n\n<p><strong>1991<\/strong> <em>Reisestipendium<\/em> Kairo, Landis &amp; Gyr-Gesellschaft, Zug (Schweiz), Reisestipendium Kairo (\u00c4gypten)<\/p>\n\n<\/div>\n\t\t<\/div>\n<\/div>\n\n<div class=\"wp-block-ub-content-toggle wp-block-ub-content-toggle-block\" id=\"ub-content-toggle-block-43e54931-dc5c-47c7-ad8b-931fe781b153\" data-mobilecollapse=\"false\" data-desktopcollapse=\"true\" data-preventcollapse=\"false\" data-showonlyone=\"false\">\n<div class=\"wp-block-ub-content-toggle-accordion\" style=\"border-color: #f1f1f1; \" id=\"ub-content-toggle-panel-block-\">\n\t\t\t<div class=\"wp-block-ub-content-toggle-accordion-title-wrap\" style=\"background-color: #f1f1f1;\" aria-controls=\"ub-content-toggle-panel-0-43e54931-dc5c-47c7-ad8b-931fe781b153\" tabindex=\"0\">\n\t\t\t<p class=\"wp-block-ub-content-toggle-accordion-title ub-content-toggle-title-43e54931-dc5c-47c7-ad8b-931fe781b153\" style=\"color: #000000; \">Akademische Lehrt\u00e4tigkeiten \/ Vortr\u00e4ge<\/p>\n\t\t\t<div class=\"wp-block-ub-content-toggle-accordion-toggle-wrap right\" style=\"color: #000000;\"><span class=\"wp-block-ub-content-toggle-accordion-state-indicator wp-block-ub-chevron-down\"><\/span><\/div>\n\t\t<\/div>\n\t\t\t<div role=\"region\" aria-expanded=\"false\" class=\"wp-block-ub-content-toggle-accordion-content-wrap ub-hide\" id=\"ub-content-toggle-panel-0-43e54931-dc5c-47c7-ad8b-931fe781b153\">\n\n<p><strong>2025<\/strong> <em>Luftnummern 1 &#8211; 6 \/ Atem als formgebendes Material <\/em>(Vortrag), Z\u00fcrcher Hochschule f\u00fcr angewandte Wissenschahften (ZHAW) Winterthur Schweiz, Fachbereich Architektur, Prof. Ron Edelaar.<\/p>\n\n\n\n<p><strong>2020<\/strong><br>Vorgeschlagen f\u00fcr Professur f\u00fcr Grundlagen der Gestaltung an der Abteilung <em>Stadt<\/em> | <em>Bau<\/em> | <em>Kultur<\/em> der Fachhochschule Potsdam<\/p>\n\n\n\n<p><strong>2019<\/strong><br>Vorgeschlagen f\u00fcr K\u00fcnstlerische Werkstattlehre, <em>Formen und Giessen<\/em>, Universit\u00e4t der K\u00fcnste Berlin (UDK)<\/p>\n\n\n\n<p><strong>2019<\/strong><br>Atem. Gestalterische, \u00f6kologische und soziopolitische Dimensionen 1900 &#8211; Gegenwart, Kunst- und bildwissenschaftliche Tagung des Instituts f\u00fcr Kunst- und Bildgeschichte und des Exzellenzclusters Matters of Activity an der Humboldt-Universit\u00e4t zu Berlin, Der Hauch einer Ahnung, Atem als formgebende Praxis. Artist Talk zwischen dem K\u00fcnstler und Prof. Dr. Friedrich Weltzien. <\/p>\n\n\n\n<p><strong>2018\/19<\/strong><br>Gemeinsame Lehrt\u00e4tigkeit mit Prof. J\u00f6rg Hundertpfund im Fachbereich Produktdesign an der Fachhochschule Potsdam<\/p>\n\n\n\n<p><strong>2017<\/strong><br>Vorgeschlagen f\u00fcr wissenschaftlichen Mitarbeiter zur Promotion im Lehr- und Forschungsbereich \u201cFilmdokumente als historische Quellen\u201c an der Hochschule Hannover, Professor Dr. Peter Stettner, Fakult\u00e4t III, Medien, Information und Design<\/p>\n\n\n\n<p><strong>2016<\/strong><br><em>habitate II<\/em>, Vortrag zur Videoinstallation anl\u00e4sslich der Ausstellung was \u00fcbrig bleibt \/ Anselmo Fox, in der Galerie Nord | Kunstverein Tiergarten Berlin an der Berliner Technischen Kunsthochschule (BTK) (Deutschland)<\/p>\n\n\n\n<p><strong>2014<\/strong><br>Experimente im \u00f6ffentlichen Raum, Unterrichtseinheit gemeinsam mit Sadhyo Niederberger anl\u00e4sslich des Kulturtages der Fachhochschule Nordwestschweiz Brugg (Schweiz)<\/p>\n\n\n\n<p>Werkgespr\u00e4ch unter der Moderation von Paolo Bianchi gemeinsam mit Christine Hunold, Monica Ursina J\u00e4ger, Lorenz Schmid, Trudelhaus Baden (Schweiz)<\/p>\n\n\n\n<p><strong>2012<\/strong><br>Lehrauftrag an der Fachhochschule Nordwestschweiz FHNW zum Thema Kunst im \u00f6ffentlichen Raum<\/p>\n\n\n\n<p><strong>2009<\/strong><br>Kuss, extrahiert, Vortrag in der Kunsthalle Luzern, Luzern (Schweiz)<\/p>\n\n\n\n<p>SOG genannte Bildhauerei, Vortrag am Symposium zur Ausstellung Tierperspektive, gemeinsam mit Professorin Dr. Mirjam Goller, Georg Kolbe Museum Berlin (Deutschland)<\/p>\n\n\n\n<p><strong>2008\/09<\/strong><br>Lehrauftrag Humboldt-Universit\u00e4t zu Berlin, zum Thema Kunst und Raum, Master-Seminar, Wintersemester 2008\/09<\/p>\n\n\n\n<p><strong>2007<\/strong><br>Im Tal der Mollusken, Vortrag an der Fachhochschule Aargau (Schweiz)<\/p>\n\n\n\n<p>Das Tier in der Kunst, Vortrag und Unterrichtseinheit im Rahmen des kulturwissenschaftlichen Hauptseminars Zoo oder Briefe nicht \u00fcber Tiere. Tiermotive, Tiernarrative und Tierszenen, Institut f\u00fcr Slawistik der Humboldt-Universit\u00e4t zu Berlin (Deutschland), Sommersemester 2007<\/p>\n\n\n\n<p><strong>2006\u00a0<\/strong><br>Das Loch im Engel, foto- und wahrnehmungstheoretischer Vortrag \u00fcber die plastische Arbeit am durchschossenen Fl\u00fcgel eines Bronzeengels in Berlin, Hochschule f\u00fcr Gestaltung + Kunst Luzern (Schweiz)<\/p>\n\n<\/div>\n\t\t<\/div>\n<\/div>\n\n\n<div class=\"wp-block-file\"><a id=\"wp-block-file--media-32f2cdb6-a678-4bb5-8817-2c45c9087a95\" href=\"http:\/\/localhost:10013\/wp-content\/uploads\/2023\/04\/2_FOX_bio_exp_foerd_collect_kb_lehre_www_2023-04-20_final-.pdf\">Bio_pdf<\/a><a href=\"http:\/\/localhost:10013\/wp-content\/uploads\/2023\/04\/2_FOX_bio_exp_foerd_collect_kb_lehre_www_2023-04-20_final-.pdf\" class=\"wp-block-file__button wp-element-button\" download aria-describedby=\"wp-block-file--media-32f2cdb6-a678-4bb5-8817-2c45c9087a95\">Herunterladen<\/a><\/div>\n","protected":false},"excerpt":{"rendered":"<p>Biographie Geboren 1964 in Mendrisio (Schweiz) 2017\/18 Master of Arts, Produktdesign, University of Applied Sciences and Arts Potsdam (Deutschland) 1994 &#8211; 1998 Interdisziplin\u00e4re Kulturwissenschaften, Humboldt Universit\u00e4t zu Berlin (Deutschland) 1996 Lehramt auf den Stufen Sek. I+II, P\u00e4dagogische Hochschule Basel Schweiz (heute: Fachhochschule Nordwestschweiz, FHNW PH) 1985 &#8211; 1990 Diplom f\u00fcr Freie Kunst, Schule f\u00fcr Gestaltung [&hellip;]<\/p>\n","protected":false},"author":1,"featured_media":0,"parent":0,"menu_order":0,"comment_status":"closed","ping_status":"closed","template":"","meta":{"_editorskit_title_hidden":false,"_editorskit_reading_time":0,"_editorskit_is_block_options_detached":false,"_editorskit_block_options_position":"{}"},"featured_image_src":null,"_links":{"self":[{"href":"http:\/\/anselmofox.de\/en\/wp-json\/wp\/v2\/pages\/108"}],"collection":[{"href":"http:\/\/anselmofox.de\/en\/wp-json\/wp\/v2\/pages"}],"about":[{"href":"http:\/\/anselmofox.de\/en\/wp-json\/wp\/v2\/types\/page"}],"author":[{"embeddable":true,"href":"http:\/\/anselmofox.de\/en\/wp-json\/wp\/v2\/users\/1"}],"replies":[{"embeddable":true,"href":"http:\/\/anselmofox.de\/en\/wp-json\/wp\/v2\/comments?post=108"}],"version-history":[{"count":19,"href":"http:\/\/anselmofox.de\/en\/wp-json\/wp\/v2\/pages\/108\/revisions"}],"predecessor-version":[{"id":3919,"href":"http:\/\/anselmofox.de\/en\/wp-json\/wp\/v2\/pages\/108\/revisions\/3919"}],"wp:attachment":[{"href":"http:\/\/anselmofox.de\/en\/wp-json\/wp\/v2\/media?parent=108"}],"curies":[{"name":"wp","href":"https:\/\/api.w.org\/{rel}","templated":true}]}}