{"id":1645,"date":"2023-05-09T00:00:09","date_gmt":"2023-05-09T00:00:09","guid":{"rendered":"http:\/\/localhost:10013\/?page_id=1645"},"modified":"2025-12-30T10:12:27","modified_gmt":"2025-12-30T10:12:27","slug":"biographie","status":"publish","type":"page","link":"http:\/\/anselmofox.de\/en\/biographie\/","title":{"rendered":"Biography"},"content":{"rendered":"\n<hr class=\"wp-block-separator has-alpha-channel-opacity\"\/>\n\n\n\n<figure class=\"wp-block-image size-full is-resized\"><img decoding=\"async\" loading=\"lazy\" src=\"http:\/\/anselmofox.de\/wp-content\/uploads\/2023\/05\/FOX_portraet_www_090518_0116.jpg\" alt=\"\" class=\"wp-image-1854\" width=\"750\" height=\"500\" srcset=\"http:\/\/anselmofox.de\/wp-content\/uploads\/2023\/05\/FOX_portraet_www_090518_0116.jpg 1000w, http:\/\/anselmofox.de\/wp-content\/uploads\/2023\/05\/FOX_portraet_www_090518_0116-300x200.jpg 300w, http:\/\/anselmofox.de\/wp-content\/uploads\/2023\/05\/FOX_portraet_www_090518_0116-768x512.jpg 768w\" sizes=\"(max-width: 750px) 100vw, 750px\" \/><\/figure>\n\n\n\n<figure class=\"wp-block-table aligncenter is-style-regular\"><table><tbody><tr><td class=\"has-text-align-right\" data-align=\"right\"><strong><strong>Born in<\/strong>&nbsp; <\/strong><\/td><td><strong>1964 in Mendrisio (Schweiz)<\/strong><\/td><\/tr><tr><td class=\"has-text-align-right\" data-align=\"right\"><strong>\u00a0<\/strong><\/td><td><\/td><\/tr><tr><td class=\"has-text-align-right\" data-align=\"right\"><strong>1996<\/strong><\/td><td>Studies in Cultural Studies, Humboldt&nbsp;University of Berlin (Germany)&nbsp;<\/td><\/tr><tr><td class=\"has-text-align-right\" data-align=\"right\"><strong>1996<\/strong><\/td><td>Teacher training for Fine Arts Sek. I+II, P\u00e4dagogische Hochschule Basel<br>(today University of Applied Sciences Northwestern Switzerland, FHNW PH) (Switzerland)<\/td><\/tr><tr><td class=\"has-text-align-right\" data-align=\"right\"><strong>1996<\/strong><\/td><td>Diploma in Fine Arts, Lucerne School of Design (Switzerland)<br>(today Lucerne University of Aplied Sciences and Arts)<br><\/td><\/tr><tr><td class=\"has-text-align-right\" data-align=\"right\"><\/td><td>(Studied in the drawing teacher&#8217;s class and in the class for Fine Arts, today Lucerne University of Applied Sciences and Arts)<\/td><\/tr><\/tbody><\/table><\/figure>\n\n\n<div class=\"wp-block-ub-content-toggle wp-block-ub-content-toggle-block\" id=\"ub-content-toggle-block-b505c8a0-027f-4d40-ab50-cdbce1317fdd\" data-mobilecollapse=\"false\" data-desktopcollapse=\"true\" data-preventcollapse=\"false\" data-showonlyone=\"false\">\n<div class=\"wp-block-ub-content-toggle-accordion\" style=\"border-color: #f1f1f1; \" id=\"ub-content-toggle-panel-block-\">\n\t\t\t<div class=\"wp-block-ub-content-toggle-accordion-title-wrap\" style=\"background-color: #f1f1f1;\" aria-controls=\"ub-content-toggle-panel-0-b505c8a0-027f-4d40-ab50-cdbce1317fdd\" tabindex=\"0\">\n\t\t\t<p class=\"wp-block-ub-content-toggle-accordion-title ub-content-toggle-title-b505c8a0-027f-4d40-ab50-cdbce1317fdd\" style=\"color: #000000; \">Exhibitions<\/p>\n\t\t\t<div class=\"wp-block-ub-content-toggle-accordion-toggle-wrap right\" style=\"color: #000000;\"><span class=\"wp-block-ub-content-toggle-accordion-state-indicator wp-block-ub-chevron-down\"><\/span><\/div>\n\t\t<\/div>\n\t\t\t<div role=\"region\" aria-expanded=\"false\" class=\"wp-block-ub-content-toggle-accordion-content-wrap ub-hide\" id=\"ub-content-toggle-panel-0-b505c8a0-027f-4d40-ab50-cdbce1317fdd\">\n\n<p><em><strong>2025<\/strong><\/em> <\/p>\n\n\n\n<p><em>Ortung 14 | Schwabacher Kunstbiennale im Zeichen des Goldes<\/em>, (Katalog)<\/p>\n\n\n\n<p><em><strong>2024<\/strong><\/em> <\/p>\n\n\n\n<p><em>RE:VISON<\/em>, Galerie Nord | Kunstverein Tiergarten Berlin Deutschland<\/p>\n\n\n\n<p><strong>2023<\/strong><br><em>Textohilar. El hilo que entreteje el universo, Sandra Conteras<\/em>, Museo Textil de Oaxaca, Mexiko, in Cooperation with Sandra Contreras<\/p>\n\n\n\n<p><em>Auswahl23<\/em>, Kunsthaus Aarau Schweiz<\/p>\n\n\n\n<p><strong>2022<\/strong><br><em>Auswahl22, <\/em>Kunsthaus Aarau Schweiz<\/p>\n\n\n\n<p><em>Ein-Mann-Kabinen-Bohr-Kern-Stapel-Pappe-Rohr-S\u00e4ule<\/em>, Solo Exhibition, Linienverzweiger Tuchollaplatz Berlin Lichtenberg Germany<\/p>\n\n\n\n<p><strong>2020 \/ 21<\/strong><br><em>in aller Munde. Pieter Bruegel bis Cindy Sherman<\/em> \/ <em>On Everyone\u2019s Lips. From Pieter Bruegel<\/em> to Cindy Sherman, Kunstmuseum Wolfsburg (Germany) [Kuratorin Uta Ruhkamp, Catalog]<\/p>\n\n\n\n<p><strong>2020<\/strong><br><em><em>As Kingfishers Catch Fire<\/em>. Animalities in Artists\u00b4imagination, Gallery of Art Limerick City Ireland, [Curator Austin Mc Quinn, Text]<\/em><\/p>\n\n\n\n<p><strong>2018\/19<\/strong><br><em><em>locken \u2013 Anselmo Fox<\/em>, Pavillon am Milchhof Berlin (Germany), Solo Exhibition, [Text]<\/em><\/p>\n\n\n\n<p><strong>2017\/18<\/strong><br><em><em>infuori \u2013 Anselmo Fox<\/em>, la Rada Locarno, Solo Exhibition, (Switzerland), [Text]<\/em><\/p>\n\n\n\n<p><strong>2016<\/strong><br><em>Auswahl16<\/em>, Kunsthaus Aarau (Switzerland) [Catalog]<br><em>animal lovers<\/em>, neue Gesellschaft f\u00fcr bildende Kunst (nGbK) Berlin (Germany), [Catalog]<br><em>was \u00fcbrig bleibt \/ Anselmo Fox<\/em>, Galerie Nord I Kunstverein Tiergarten Berlin (Germany), Solo Exhibition, [Text]<br>ArtExpo2016 Milano, Jury Award <em>Sculpture Network<\/em>, (Germany)<\/p>\n\n\n\n<p><strong>2014\/15<\/strong><br><em><em>Catch oft he Year 2014<\/em>, Dienstgeb\u00e4ude Z\u00fcrich (Switzerland)<\/em><\/p>\n\n\n\n<p><strong>2014<\/strong><br><em><em>MehrSalz<\/em>, Salzhaus Brugg (Switzerland), [Text]<\/em><br><em><em>Modell und Utopie<\/em>, Trudelhaus Brugg (Swiss), [Text]\u00a0<\/em><\/p>\n\n\n\n<p><strong>2013<\/strong><br><em><em>Auswahl13<\/em>, Kunsthaus Aarau (Switzerland), [Catalog]<\/em><\/p>\n\n\n\n<p><strong>2012<\/strong><br><em><em>Ausser mir<\/em>, Galerie Mani\u00e8re Noir, Berlin (Germany), Solo Exhibition, [Text]<\/em><br><em><em>Minding Animals Conference, coming out of a snail<\/em>, Videoscreening, University Utrecht (Netherland)<\/em><\/p>\n\n\n\n<p><strong>2011<\/strong><br><em>Um Gottes Willen. Kunst und Religion im Dialog<\/em>, Stadtm\u00fchle Willisau (Swiss), [Catalog]<\/p>\n\n\n\n<p><strong>2010<\/strong><br><em><em>Auswahl10<\/em>, Kunsthaus Aarau (Swiss) [Catalog]<\/em><br><em>Caf\u00e9 Endlager<\/em>, Stuttgart (Germany) [Catalog]<\/p>\n\n\n\n<p><strong>2009<\/strong><br><em>Tierperspektiven Teil 1<\/em>, Georg Kolbe Museum, Berlin (Germany), [Catalog]<br><em><em>Tierperspektiven Teil 2<\/em>, Projektraum Souterrain Sammlung Hoffmann, Berlin (Germany), [Catalog]<\/em><br><em>Tier-Werden<\/em>, <em>Mensch-Werden Teil 3<\/em>, NGBK Berlin (Germany), [Catalog]<\/p>\n\n\n\n<p><strong>2007<\/strong><br><em>Auswahl 07<\/em>, Kunsthaus Aarau (Switzerland), [Catalog]<br><em>Anselmo Fox \u2013 Im Tal der Mollusken<\/em>, Kunstpanorama Luzern, Luzern (Switzerland) Einzelausstellung, [Text]<br><em>Von der Liebe<\/em>, Galerie Nord I Kunstverein Tiergarten, Berlin (Germany), [Text]<\/p>\n\n\n\n<p><strong>2006<\/strong><br><em><em>Heimatflimmern \u2013 Exkursion in eine fremde Heimat<\/em>, Brandenburgischer <\/em>Kunstverein Potsdam (Germany) in cooperation with Kunstpanorama Lucerne (Switzerland)<br><em>Inn<em>enwelten &#8211; The Inner World, <\/em><\/em>kunst:raum Sylt Quelle, Rantum (Germany). Wissenschaftssommer 2006, in cooperation with the University of Hamburg on the occasion of the Sigmund-Freud-Year<\/p>\n\n\n\n<p><strong>2005<\/strong><br><em><em>La main dans la main<\/em>, <\/em>Kunstverein Salzdetfurth (Germany), [Catalog]<br><em><em>Auswahl 05<\/em>, <\/em>Kunsthaus Aarau (Schweiz) [Katalog]<br><em><em>Der Himmel auf Erden \u2013 Zeitgen\u00f6ssische Verk\u00fcndigungsdarstellungen<\/em>, <\/em>Kunsthaus Potsdam (Germany), [Text]<\/p>\n\n\n\n<p><strong>2004<\/strong><br><em><em>Der Kuss<\/em>, <\/em>Deutsches Hygienemuseum, Dresden (Germany)<br><em><em>La Bocca Della Verit\u00e0<\/em>, <\/em>Kunstverein Salzdetfurth (Germany), [Catalog]<\/p>\n\n\n\n<p><strong>2002<\/strong><br><em>W\u00e4chserne Identit\u00e4ten. Die fig\u00fcrliche Wachsplastik am Ende des 20.\u00a0Jahrhunderts<\/em>, Georg Kolbe-Museum Berlin (Germany), [Catalog]<br><em><em>Machet den Zun nicht zu eng<\/em>, <\/em>Bruder Klaus-Museum Sachseln (Switzerland), [Catalog]<br><em><em>EnergieStationen<\/em>, <\/em>Kunsttage Dreieich, Stadtgalerie Dreieich-Sprendlingen bei Frankfurt\/M. (Germany), [Catalog]<br><em>Klanggarten \u2013 Vogelfrei IV<\/em>, Gartenbiennale Darmstadt (Germany), [Catalog]<\/p>\n\n\n\n<p><strong>2001<\/strong><br><em>Corpus Delicti<\/em>, Galerie M\u00f6nch, Berlin\u00a0(Germany), [Text]<\/p>\n\n\n\n<p><strong>2000<\/strong><br><em>K\u00f6rperteile \u2013 Formen der Fragmentierung \/ Praktiken der Darstellung<\/em>, Internationaler Philosophenkongress, [Book], <em>Zahnreif I<\/em> (Installation), Haus der Kulturen der Welt Berlin Germany (Publication)<\/p>\n\n\n\n<p><em>Loggia<\/em>, K\u00fcnstlerhaus Bethanien Berlin (Germany), [Text]<\/p>\n\n\n\n<p><strong>1999<\/strong><br><em>Vogelfrei III<\/em>, Darmstadt \u00a0(Germany), [Catalog]<br><em>Salon<\/em>, Kunsthaus Aarau \u00a0(Switzerland), [Catalog]<\/p>\n\n\n\n<p><strong>1996<\/strong><br><em>la lingua della lingua<\/em>, Akademie der K\u00fcnste Berlin (Germany), [Video Catalog]<\/p>\n\n\n\n<p><strong>1983<\/strong><br><em>K\u00fcnstler der Galerie schlagen vor 1983<\/em>, Galerie in Lenzburg (Switzerland)<\/p>\n\n<\/div>\n\t\t<\/div>\n\n<div class=\"wp-block-ub-content-toggle-accordion\" style=\"border-color: #f1f1f1; \" id=\"ub-content-toggle-panel-block-\">\n\t\t\t<div class=\"wp-block-ub-content-toggle-accordion-title-wrap\" style=\"background-color: #f1f1f1;\" aria-controls=\"ub-content-toggle-panel-1-b505c8a0-027f-4d40-ab50-cdbce1317fdd\" tabindex=\"0\">\n\t\t\t<p class=\"wp-block-ub-content-toggle-accordion-title ub-content-toggle-title-b505c8a0-027f-4d40-ab50-cdbce1317fdd\" style=\"color: #000000; \">Art for Architecture<\/p>\n\t\t\t<div class=\"wp-block-ub-content-toggle-accordion-toggle-wrap right\" style=\"color: #000000;\"><span class=\"wp-block-ub-content-toggle-accordion-state-indicator wp-block-ub-chevron-down\"><\/span><\/div>\n\t\t<\/div>\n\t\t\t<div role=\"region\" aria-expanded=\"false\" class=\"wp-block-ub-content-toggle-accordion-content-wrap ub-hide\" id=\"ub-content-toggle-panel-1-b505c8a0-027f-4d40-ab50-cdbce1317fdd\">\n\n<p><strong>2016<\/strong><br><em>Trottola<\/em>, Kunst\u2013Bau \u2013 Wettbewerb Clayschule Berlin-Neuk\u00f6lln \u00a0[Final round], (Germany)<\/p>\n\n\n\n<p><strong>2014<\/strong><br>Design of the Educational Center Careum Weiterbildung Aarau (Switzerland)<br>Invited for the Art for Architecture &#8211; Contest for the design of the nursing home Buchs (Switzerland)<\/p>\n\n\n\n<p><\/p>\n\n<\/div>\n\t\t<\/div>\n<\/div>\n\n<div class=\"wp-block-ub-content-toggle wp-block-ub-content-toggle-block\" id=\"ub-content-toggle-block-11c75e00-b805-4184-8af3-0242f466e42f\" data-mobilecollapse=\"false\" data-desktopcollapse=\"true\" data-preventcollapse=\"false\" data-showonlyone=\"false\">\n<div class=\"wp-block-ub-content-toggle-accordion\" style=\"border-color: #f1f1f1; \" id=\"ub-content-toggle-panel-block-\">\n\t\t\t<div class=\"wp-block-ub-content-toggle-accordion-title-wrap\" style=\"background-color: #f1f1f1;\" aria-controls=\"ub-content-toggle-panel-0-11c75e00-b805-4184-8af3-0242f466e42f\" tabindex=\"0\">\n\t\t\t<p class=\"wp-block-ub-content-toggle-accordion-title ub-content-toggle-title-11c75e00-b805-4184-8af3-0242f466e42f\" style=\"color: #000000; \">Awards \/ Grants \/ Scholarships \/ Residencies<\/p>\n\t\t\t<div class=\"wp-block-ub-content-toggle-accordion-toggle-wrap right\" style=\"color: #000000;\"><span class=\"wp-block-ub-content-toggle-accordion-state-indicator wp-block-ub-chevron-down\"><\/span><\/div>\n\t\t<\/div>\n\t\t\t<div role=\"region\" aria-expanded=\"false\" class=\"wp-block-ub-content-toggle-accordion-content-wrap ub-hide\" id=\"ub-content-toggle-panel-0-11c75e00-b805-4184-8af3-0242f466e42f\">\n\n<p><strong>2022<\/strong> <em><em>Project funding<\/em>, <\/em>NeuStartKultur Kunstfonds Bonn (Germany)<\/p>\n\n\n\n<p><strong>2022<\/strong> <em><em>Project funding<\/em>, <\/em>Kuratorium des Kantons Aargau (Switzerland)<\/p>\n\n\n\n<p><strong>2022<\/strong> <em><em>Research Fellowship<\/em>, <\/em>Kuratorium des Kanton Aargau (Switzerland)<\/p>\n\n\n\n<p><strong>2021<\/strong> <em><em>Project funding<\/em>, <\/em>Stiftung Kulturwerk VG Bild \/ Kunst Berlin (Germany)<\/p>\n\n\n\n<p><strong>2020<\/strong> <em><em>Project funding<\/em>, <\/em>Kuratorium des Kantons Aargau (Switzerland)<\/p>\n\n\n\n<p><strong>2017<\/strong><em> <strong><em>Residency<\/em><\/strong>, <\/em>Stiftung Kunstdepot G\u00f6schenen (Switzerland)<\/p>\n\n\n\n<p><strong>2016<\/strong> <em><em>Grant <\/em>and exhibition ArtExpo2016 Milano<em>,<\/em> sculpture network (Germany)<\/em><\/p>\n\n\n\n<p><strong>2013<\/strong> <em><em>Project funding<\/em>, <\/em>Alexander Tutsek Stiftung (Germany)<br>          <em><em>Project funding<\/em>, <\/em>Kuratorium des Kantons Aargau (Switzerland)<\/p>\n\n\n\n<p><strong>2012<\/strong> <em><em>Project funding<\/em>, <\/em>Kuratorium des Kantons Aargau (Switzerland)<\/p>\n\n\n\n<p><strong>2011<\/strong> <em><em>Project funding<\/em>, <\/em>Kuratorium des Kantons Aargau (Switzerland)<\/p>\n\n\n\n<p><strong>2006\u00a0<\/strong><em><strong><em>Residency<\/em><\/strong>, <\/em>kunst:raum syltquelle, Rantum (Germany)<\/p>\n\n\n\n<p><strong>2005<\/strong> <em><em>Grant<\/em>, <\/em>Kuratorium des Kantons Aargau (Switzerland)<\/p>\n\n\n\n<p><strong>2002<\/strong> <em><em>Project funding<\/em>, <\/em>Kuratorium des Kantons Aargau (Switzerland)<\/p>\n\n\n\n<p><strong>1990<\/strong> <em><em>Grant<\/em>, <\/em>Kuratorium des Kantons Aargau (Switzerland)\u00a0<\/p>\n\n\n\n<p><strong>1991<\/strong> <em><em>Travel Scholarship<\/em> Kairo,<\/em> Landis &amp; Gyr-Gesellschaft, Zug (Switzerland) Kairo (Egypt)<\/p>\n\n\n\n<p><strong>Collections<\/strong><\/p>\n\n\n\n<p>Bilder in der Schule, Basel (Switzerland)<br>Collection Kantonsspital Aarau (Switzerland)<br>Collection Stiftung kunst:raum syltquelle (Germany)<\/p>\n\n<\/div>\n\t\t<\/div>\n<\/div>\n\n<div class=\"wp-block-ub-content-toggle wp-block-ub-content-toggle-block\" id=\"ub-content-toggle-block-8ee4b297-3dc7-46b1-8c17-3428b3ae66e5\" data-mobilecollapse=\"false\" data-desktopcollapse=\"true\" data-preventcollapse=\"false\" data-showonlyone=\"false\">\n<div class=\"wp-block-ub-content-toggle-accordion\" style=\"border-color: #f1f1f1; \" id=\"ub-content-toggle-panel-block-\">\n\t\t\t<div class=\"wp-block-ub-content-toggle-accordion-title-wrap\" style=\"background-color: #f1f1f1;\" aria-controls=\"ub-content-toggle-panel-0-8ee4b297-3dc7-46b1-8c17-3428b3ae66e5\" tabindex=\"0\">\n\t\t\t<p class=\"wp-block-ub-content-toggle-accordion-title ub-content-toggle-title-8ee4b297-3dc7-46b1-8c17-3428b3ae66e5\" style=\"color: #000000; \">Academic Teaching Activities \/ Lectures<\/p>\n\t\t\t<div class=\"wp-block-ub-content-toggle-accordion-toggle-wrap right\" style=\"color: #000000;\"><span class=\"wp-block-ub-content-toggle-accordion-state-indicator wp-block-ub-chevron-down\"><\/span><\/div>\n\t\t<\/div>\n\t\t\t<div role=\"region\" aria-expanded=\"false\" class=\"wp-block-ub-content-toggle-accordion-content-wrap ub-hide\" id=\"ub-content-toggle-panel-0-8ee4b297-3dc7-46b1-8c17-3428b3ae66e5\">\n\n<p><strong>2025<\/strong> <em>Luftnummern 1 &#8211; 6 \/ Atem als formgebendes Material<\/em> (lecture), Zurich University of Applied Sciences (ZHAW) Winterthur Switzerland, Department of Architecture, Prof. Ron Edelaar.<\/p>\n\n\n\n<p><strong>2020<\/strong><br>Proposed for professorship for fundamentals of design at the department Stadt | Bau | Kultur of the University of Applied Sciences Potsdam (Germany)<\/p>\n\n\n\n<p><strong>2019<\/strong><br>Proposed for Artistic Workshop Teaching, Molding and Casting, Berlin University of the Arts (UDK) (Germany)<\/p>\n\n\n\n<p><strong>2019<\/strong><br>Atem. Gestalterische, \u00f6kologische und soziopolitische Dimensionen\u00a01900 &#8211; Gegenwart, Kunst- und bildwissenschaftliche Tagung des Instituts f\u00fcr Kunst- und Bildgeschichte und des Exzellenzclusters Matters of Activity an der Humboldt-Universit\u00e4t zu Berlin, <em>Der Hauch einer Ahnung<\/em>, <em>Atem als formgebende Praxis<\/em>. Artist Talk with Anselmo Fox and Prof. Dr. Friedrich Weltzien. (Book Publication)<\/p>\n\n\n\n<p><strong>2018\/19<\/strong><br>Lectureship with Prof. J\u00f6rg Hundertpfund, Department of Product Design at the University of Applied Sciences Potsdam<\/p>\n\n\n\n<p><strong>2017<\/strong><br>Proposed for doctoral studies, teaching and research area &#8222;Film Documents as Historical Sources&#8220; and as research assistant at the University of Applied Sciences and Arts Hannover, Professor Dr. Peter Stettner, Faculty III, Media, Information and Design<\/p>\n\n\n\n<p><strong>2016<\/strong><br><em>habitate II, <\/em>lecture on the video installation on the occasion of the exhibition was \u00fcbrig bleibt \/ Anselmo Fox, at Galerie Nord | Kunstverein Tiergarten Berlin at the Berlin Technical University of the Arts (BTK) (Germany)<\/p>\n\n\n\n<p><strong>2014<\/strong><br><em>Experiments in public space<\/em>, teaching unit with Sadhyo Niederberger on the occasion of the Culture Day of the University of Applied Sciences Northwestern Switzerland Brugg (Switzerland)<\/p>\n\n\n\n<p><em>Kunst &amp; Modell<\/em>, Artist Talk moderated by Paolo Bianchi together with Christine Hunold, Monica Ursina J\u00e4ger, Lorenz Schmid, Trudelhaus Baden (Switzerland)<\/p>\n\n\n\n<p><strong>2012<\/strong><br><em>Art in Public Space<\/em>, Lectureship at the University of Applied Sciences Northwestern Switzerland FHNW\u00a0<\/p>\n\n\n\n<p><strong>2009<\/strong><br><em>Kuss, extrahiert,<\/em> lecture at the Kunsthalle Luzern, Lucerne (Switzerland)<\/p>\n\n\n\n<p><em>SOG genannte Bildhauerei,<\/em> lecture at the symposium for the exhibition Animal Perspective, together with Professor Dr. Mirjam Goller, Georg Kolbe Museum Berlin (Germany)<\/p>\n\n\n\n<p><strong>2008\/09<\/strong><br><em>Kunst und Raum<\/em>, Lectureship Humboldt University Berlin, on the topic, Master&#8217;s seminar<\/p>\n\n\n\n<p><strong>2007<\/strong><br><em>Im Tal der Mollusken<\/em>, Lecture at the University of Applied Sciences Aargau (Switzerland)<\/p>\n\n\n\n<p><em>Das Tier in der Kunst<\/em>, Lecture and teaching unit in the context of the cultural studies seminar Zoo or Letters Not About Animals. Animal Motifs, Animal Narratives, and Animal Scenes, Institute for Slavic Studies, Humboldt University Berlin (Germany)<\/p>\n\n\n\n<p><strong>2006\u00a0<\/strong><br><em>Das Loch im Engel<\/em>, Lecture Lucerne School of Art and Design (Switzerland)<\/p>\n\n<\/div>\n\t\t<\/div>\n<\/div>\n\n\n<p><\/p>\n","protected":false},"excerpt":{"rendered":"<p>Born in&nbsp; 1964 in Mendrisio (Schweiz) \u00a0 1996 Studies in Cultural Studies, Humboldt&nbsp;University of Berlin (Germany)&nbsp; 1996 Teacher training for Fine Arts Sek. I+II, P\u00e4dagogische Hochschule Basel(today University of Applied Sciences Northwestern Switzerland, FHNW PH) (Switzerland) 1996 Diploma in Fine Arts, Lucerne School of Design (Switzerland)(today Lucerne University of Aplied Sciences and Arts) (Studied in [&hellip;]<\/p>\n","protected":false},"author":1,"featured_media":0,"parent":0,"menu_order":0,"comment_status":"closed","ping_status":"closed","template":"","meta":{"_editorskit_title_hidden":false,"_editorskit_reading_time":0,"_editorskit_is_block_options_detached":false,"_editorskit_block_options_position":"{}"},"featured_image_src":null,"_links":{"self":[{"href":"http:\/\/anselmofox.de\/en\/wp-json\/wp\/v2\/pages\/1645"}],"collection":[{"href":"http:\/\/anselmofox.de\/en\/wp-json\/wp\/v2\/pages"}],"about":[{"href":"http:\/\/anselmofox.de\/en\/wp-json\/wp\/v2\/types\/page"}],"author":[{"embeddable":true,"href":"http:\/\/anselmofox.de\/en\/wp-json\/wp\/v2\/users\/1"}],"replies":[{"embeddable":true,"href":"http:\/\/anselmofox.de\/en\/wp-json\/wp\/v2\/comments?post=1645"}],"version-history":[{"count":8,"href":"http:\/\/anselmofox.de\/en\/wp-json\/wp\/v2\/pages\/1645\/revisions"}],"predecessor-version":[{"id":3918,"href":"http:\/\/anselmofox.de\/en\/wp-json\/wp\/v2\/pages\/1645\/revisions\/3918"}],"wp:attachment":[{"href":"http:\/\/anselmofox.de\/en\/wp-json\/wp\/v2\/media?parent=1645"}],"curies":[{"name":"wp","href":"https:\/\/api.w.org\/{rel}","templated":true}]}}