{"id":1782,"date":"2023-05-09T16:42:20","date_gmt":"2023-05-09T16:42:20","guid":{"rendered":"http:\/\/localhost:10013\/?page_id=1782"},"modified":"2023-05-16T19:18:10","modified_gmt":"2023-05-16T19:18:10","slug":"contact-2","status":"publish","type":"page","link":"http:\/\/anselmofox.de\/en\/contact-2\/","title":{"rendered":"Contact"},"content":{"rendered":"<h2 class=\"wp-block-heading\">Contact<\/h2>\n\n\n\n<hr class=\"wp-block-separator has-alpha-channel-opacity\"\/>\n\n\n\n<div class=\"wp-block-media-text alignwide is-stacked-on-mobile\" style=\"grid-template-columns:58% auto\"><figure class=\"wp-block-media-text__media\"><img decoding=\"async\" loading=\"lazy\" width=\"1024\" height=\"768\" src=\"http:\/\/anselmofox.de\/wp-content\/uploads\/2023\/05\/FOX_leone_IMG_0078-1024x768.jpeg\" alt=\"\" class=\"wp-image-1820 size-full\" srcset=\"http:\/\/anselmofox.de\/wp-content\/uploads\/2023\/05\/FOX_leone_IMG_0078-1024x768.jpeg 1024w, http:\/\/anselmofox.de\/wp-content\/uploads\/2023\/05\/FOX_leone_IMG_0078-300x225.jpeg 300w, http:\/\/anselmofox.de\/wp-content\/uploads\/2023\/05\/FOX_leone_IMG_0078-768x576.jpeg 768w, http:\/\/anselmofox.de\/wp-content\/uploads\/2023\/05\/FOX_leone_IMG_0078.jpeg 1280w\" sizes=\"(max-width: 1024px) 100vw, 1024px\" \/><\/figure><div class=\"wp-block-media-text__content\">\n<p class=\"has-medium-font-size\"><a href=\"mailto:info@anselmofox.eu\" target=\"_blank\" rel=\"noreferrer noopener\">info@anselmofox.eu<\/a><\/p>\n\n\n\n<p style=\"font-size:17px\">Social \/ Media <\/p>\n\n\n\n<p style=\"font-size:17px\"><a rel=\"noreferrer noopener\" href=\"https:\/\/www.facebook.com\/anselmo.fox.5\/\" target=\"_blank\"><mark style=\"background-color:rgba(0, 0, 0, 0)\" class=\"has-inline-color has-vivid-red-color\">Facebook<\/mark><\/a><br><a href=\"http:\/\/www.vimeo.com\/anselmofox\" target=\"_blank\" rel=\"noreferrer noopener\"><mark style=\"background-color:rgba(0, 0, 0, 0)\" class=\"has-inline-color has-vivid-red-color\">Vimeo<\/mark><\/a><br><a rel=\"noreferrer noopener\" href=\"https:\/\/recherche.sik-isea.ch\/de\/sik:document-26182\/in\/sikisea\/all\/list?0.0.q_all=Anselmo%20fox\" target=\"_blank\"><mark style=\"background-color:rgba(0, 0, 0, 0)\" class=\"has-inline-color has-vivid-red-color\">Sikart<\/mark><\/a><br><a rel=\"noreferrer noopener\" href=\"https:\/\/de.wikipedia.org\/wiki\/Anselmo_Fox\" target=\"_blank\"><mark style=\"background-color:rgba(0, 0, 0, 0)\" class=\"has-inline-color has-vivid-red-color\">Wikipedia<\/mark><\/a><\/p>\n\n\n\n<p><strong>Copyright<\/strong><br>Inhalt und Struktur der Webseiten von Anselmo Fox sind gesch\u00fctzt. Die Vervielf\u00e4ltigung von Informationen oder Daten, insbesondere die Verwendung von Texten, Textteilen oder Bildmaterial, bedarf der vorherigen Zustimmung von Anselmo Fox. Alle weiteren Rechte vorbehalten.<\/p>\n\n\n\n<p><strong>Impressum<\/strong><br>Inhaltlich Verantwortlicher gem\u00e4\u00df \u00a7 55 Abs. 2 RStV: Anselmo Fox (Anschrift wie oben)<br>Haftungshinweis: Trotz sorgf\u00e4ltiger inhaltlicher Kontrolle \u00fcbernehme ich keine Haftung f\u00fcr die Inhalte externer Links. F\u00fcr den Inhalt der verlinkten Seiten sind ausschlie\u00dflich deren Betreiber verantwortlich.<\/p>\n<\/div><\/div>","protected":false},"excerpt":{"rendered":"<p>Contact info@anselmofox.eu Social \/ Media FacebookVimeoSikartWikipedia CopyrightInhalt und Struktur der Webseiten von Anselmo Fox sind gesch\u00fctzt. Die Vervielf\u00e4ltigung von Informationen oder Daten, insbesondere die Verwendung von Texten, Textteilen oder Bildmaterial, bedarf der vorherigen Zustimmung von Anselmo Fox. Alle weiteren Rechte vorbehalten. ImpressumInhaltlich Verantwortlicher gem\u00e4\u00df \u00a7 55 Abs. 2 RStV: Anselmo Fox (Anschrift wie oben)Haftungshinweis: Trotz [&hellip;]<\/p>\n","protected":false},"author":1,"featured_media":0,"parent":0,"menu_order":0,"comment_status":"closed","ping_status":"closed","template":"","meta":{"_editorskit_title_hidden":false,"_editorskit_reading_time":0,"_editorskit_is_block_options_detached":false,"_editorskit_block_options_position":"{}"},"featured_image_src":null,"_links":{"self":[{"href":"http:\/\/anselmofox.de\/en\/wp-json\/wp\/v2\/pages\/1782"}],"collection":[{"href":"http:\/\/anselmofox.de\/en\/wp-json\/wp\/v2\/pages"}],"about":[{"href":"http:\/\/anselmofox.de\/en\/wp-json\/wp\/v2\/types\/page"}],"author":[{"embeddable":true,"href":"http:\/\/anselmofox.de\/en\/wp-json\/wp\/v2\/users\/1"}],"replies":[{"embeddable":true,"href":"http:\/\/anselmofox.de\/en\/wp-json\/wp\/v2\/comments?post=1782"}],"version-history":[{"count":1,"href":"http:\/\/anselmofox.de\/en\/wp-json\/wp\/v2\/pages\/1782\/revisions"}],"predecessor-version":[{"id":2150,"href":"http:\/\/anselmofox.de\/en\/wp-json\/wp\/v2\/pages\/1782\/revisions\/2150"}],"wp:attachment":[{"href":"http:\/\/anselmofox.de\/en\/wp-json\/wp\/v2\/media?parent=1782"}],"curies":[{"name":"wp","href":"https:\/\/api.w.org\/{rel}","templated":true}]}}